{"id":1655,"date":"2016-06-20T13:51:26","date_gmt":"2016-06-20T13:51:26","guid":{"rendered":"http:\/\/kikovo.co.ao\/kikovo\/?page_id=1655"},"modified":"2020-12-15T15:52:27","modified_gmt":"2020-12-15T15:52:27","slug":"empresa","status":"publish","type":"page","link":"http:\/\/kikovo.co.ao\/kikovo\/empresa\/","title":{"rendered":"Empresa"},"content":{"rendered":"<p>[vc_row full_width=&#8221;stretch_row&#8221; full_height=&#8221;yes&#8221;][vc_column width=&#8221;2\/3&#8243;][vc_empty_space][vc_column_text]<\/p>\n<div class=\"et_pb_text et_pb_module et_pb_bg_layout_light et_pb_text_align_left et_pb_text_0\">\n<p style=\"text-align: justify;\"><strong>Caracteriza\u00e7\u00e3o<\/strong><\/p>\n<p style=\"text-align: justify;\">A Classiovo foi criada em 2012 e hoje \u00e9 uma das maiores unidades de neg\u00f3cio do grupo. Integrada no polo A Fazenda a P\u00e9rola do Kikuxi, reune hoje em si, todas as fases do\u00a0 ciclo de produ\u00e7\u00e3o de Ovos: Recria de Galinhas, Pavilh\u00f5es de posturas de Ovos, Classifica\u00e7\u00e3o e Embalamento. A Classiovo, possui um efectivo de 1,2M galinhas, instaladas em 10 Pavilh\u00f5es com controlo automatizado de temperatura, humidade, bem como de condi\u00e7\u00f5es de evolu\u00e7\u00e3o dos bandos (alimenta\u00e7\u00e3o, peso m\u00e9dio,etc.).\u00a0 Este numero de efectivos permite uma produ\u00e7\u00e3o de 1 milh\u00e3o de Ovos \/ Dia, facto que torna a Classiovo no maior produtor angolano de Ovos. A comercializa\u00e7\u00e3o dos Ovos \u00e9 feita sobre a marca Kikovo, marca amplamente reconhecida no mercado onde nos inserimos. Uma vez que estamos totalmente orientados para a qualidade do nosso Ovo, estamos equipados com um laborat\u00f3rio de micro-biologia para garantir a qualidade e seguran\u00e7a alimentar do Ovo.<\/p>\n<\/div>\n<p>[\/vc_column_text][vc_column_text]<\/p>\n<div class=\"et_pb_text et_pb_module et_pb_bg_layout_light et_pb_text_align_left et_pb_text_1\">\n<p><strong>Miss\u00e3o<\/strong><\/p>\n<p>A Classiovo pretende liderar o segmento dos Ovos e seus derivados em Angola, contribuindo de forma activa e real para a alimenta\u00e7\u00e3o do Povo Angolano. A Classiovo pretende produzir produtos nacionais com elevados padr\u00f5es de qualidade, concebendo e disponibilizando ao mercado solu\u00e7\u00f5es competitivas, inovadoras e sustent\u00e1veis, mantendo elevado n\u00edvel de servi\u00e7o e qualidade. Com o aumento da capacidade instalada, a Classiovo quer iniciar uma fase em que se posicionar\u00e1 como exportadora, contribuindo de forma positiva para o desenvolvimento s\u00f3cio-econ\u00f3mico de Angola ao mesmo tempo que quer ver a sua marca Kikovo reconhecida como sin\u00f3nimo de qualidade e confian\u00e7a dos consumidores.<\/p>\n<p><em><strong>A verticaliza\u00e7\u00e3o do neg\u00f3cio como factor de sucesso!<\/strong><\/em><\/p>\n<p>Integrada no polo A Fazenda a P\u00e9rola do Kikuxi, a Classiovo produz e comercializa o produto de maior envolvimento do polo. \u00c9 sabido que a qualidade do Ovo est\u00e1 directamente ligada \u00e0 qualidade gen\u00e9tica das Aves e \u00e0 qualidade da Alimenta\u00e7\u00e3o. Em integra\u00e7\u00e3o vertical com a Nutrimix, a Classiovo goza dessa sinergia para levar aos consumidores um Ovo de elevada qualidade. Em virtude das caracter\u00edsticas s\u00f3cio-econ\u00f3micas do povo angolano, o Ovo assume um papel preponderante na alimenta\u00e7\u00e3o nacional. \u00c9 fonte de prote\u00edna, a baixo custo e \u00e9 f\u00e1cil de encontrar em qualquer ponto ou forma de venda desde os Mercados Informais at\u00e9 \u00e0 Grande Distribui\u00e7\u00e3o. Para o grupo, al\u00e9m do valor criado per-si, coloca o grupo em mercados pr\u00f3ximos do grande consumo, aumentando\/fomentando rela\u00e7\u00f5es de confian\u00e7a com os clientes e com os consumidores. Outro factor estrat\u00e9gico chave \u00e9 o potencial de rendibilidade poss\u00edvel com a optimiza\u00e7\u00e3o da opera\u00e7\u00e3o. A Classiovo, al\u00e9m do Ovo tem a capacidade de vender diversos subprodutos, aumentando a cria\u00e7\u00e3o de valor pela especializa\u00e7\u00e3o do produto. \u00a0 A Classiovo tem potencial para desencadear novas unidades de neg\u00f3cio. Pretendemos usar os ovos e desenvolver mais subprodutos, acrescendo valor \u00e0 sua comercializa\u00e7\u00e3o.\u00a0 Sempre com a ideia clara da cria\u00e7\u00e3o de sucesso e valor pela integra\u00e7\u00e3o vertical.<\/p>\n<\/div>\n<p>[\/vc_column_text][vc_empty_space][\/vc_column][vc_column width=&#8221;1\/3&#8243;][vc_empty_space][vc_gallery type=&#8221;slick_slider&#8221; images=&#8221;1869,1868,1867,1866,1865,1864&#8243; img_size=&#8221;medium&#8221; onclick=&#8221;img_link_large&#8221;][\/vc_column][\/vc_row]<\/p>\n","protected":false},"excerpt":{"rendered":"<p>[vc_row full_width=&#8221;stretch_row&#8221; full_height=&#8221;yes&#8221;][vc_column width=&#8221;2\/3&#8243;][vc_empty_space][vc_column_text] Caracteriza\u00e7\u00e3o A Classiovo foi criada em 2012 e hoje \u00e9 uma das maiores unidades de neg\u00f3cio do grupo. Integrada no polo A Fazenda a P\u00e9rola do Kikuxi, reune hoje em si, todas as fases do\u00a0 ciclo de produ\u00e7\u00e3o de Ovos: Recria de Galinhas, Pavilh\u00f5es de posturas de Ovos, Classifica\u00e7\u00e3o e Embalamento.<\/p>\n","protected":false},"author":1,"featured_media":0,"parent":0,"menu_order":0,"comment_status":"closed","ping_status":"closed","template":"","meta":[],"_links":{"self":[{"href":"http:\/\/kikovo.co.ao\/kikovo\/wp-json\/wp\/v2\/pages\/1655"}],"collection":[{"href":"http:\/\/kikovo.co.ao\/kikovo\/wp-json\/wp\/v2\/pages"}],"about":[{"href":"http:\/\/kikovo.co.ao\/kikovo\/wp-json\/wp\/v2\/types\/page"}],"author":[{"embeddable":true,"href":"http:\/\/kikovo.co.ao\/kikovo\/wp-json\/wp\/v2\/users\/1"}],"replies":[{"embeddable":true,"href":"http:\/\/kikovo.co.ao\/kikovo\/wp-json\/wp\/v2\/comments?post=1655"}],"version-history":[{"count":19,"href":"http:\/\/kikovo.co.ao\/kikovo\/wp-json\/wp\/v2\/pages\/1655\/revisions"}],"predecessor-version":[{"id":1933,"href":"http:\/\/kikovo.co.ao\/kikovo\/wp-json\/wp\/v2\/pages\/1655\/revisions\/1933"}],"wp:attachment":[{"href":"http:\/\/kikovo.co.ao\/kikovo\/wp-json\/wp\/v2\/media?parent=1655"}],"curies":[{"name":"wp","href":"https:\/\/api.w.org\/{rel}","templated":true}]}}